{"id":8703,"date":"2022-05-10T13:42:47","date_gmt":"2022-05-10T11:42:47","guid":{"rendered":"https:\/\/coralinachiriac.com\/?page_id=8703"},"modified":"2024-09-23T13:50:20","modified_gmt":"2024-09-23T11:50:20","slug":"credentials","status":"publish","type":"page","link":"https:\/\/coralinachiriac.com\/en\/credentials\/","title":{"rendered":"Credentials"},"content":{"rendered":"\t\t<div data-elementor-type=\"wp-page\" data-elementor-id=\"8703\" class=\"elementor elementor-8703 elementor-5990\" data-elementor-post-type=\"page\">\n\t\t\t\t\t\t<section class=\"elementor-section elementor-top-section elementor-element elementor-element-d70bdbd elementor-section-stretched elementor-section-boxed elementor-section-height-default elementor-section-height-default\" data-id=\"d70bdbd\" data-element_type=\"section\" data-settings=\"{&quot;stretch_section&quot;:&quot;section-stretched&quot;,&quot;background_background&quot;:&quot;classic&quot;}\">\n\t\t\t\t\t\t<div class=\"elementor-container elementor-column-gap-default\">\n\t\t\t\t\t<div class=\"elementor-column elementor-col-16 elementor-top-column elementor-element elementor-element-38a69d4\" data-id=\"38a69d4\" data-element_type=\"column\">\n\t\t\t<div class=\"elementor-widget-wrap\">\n\t\t\t\t\t\t\t<\/div>\n\t\t<\/div>\n\t\t\t\t<div class=\"elementor-column elementor-col-66 elementor-top-column elementor-element elementor-element-a47680a\" data-id=\"a47680a\" data-element_type=\"column\">\n\t\t\t<div class=\"elementor-widget-wrap elementor-element-populated\">\n\t\t\t\t\t\t<div class=\"elementor-element elementor-element-cbaed7e elementor-widget elementor-widget-heading\" data-id=\"cbaed7e\" data-element_type=\"widget\" data-widget_type=\"heading.default\">\n\t\t\t\t<div class=\"elementor-widget-container\">\n\t\t\t\t\t<h2 class=\"elementor-heading-title elementor-size-default\">Curriculum Vitae<\/h2>\t\t\t\t<\/div>\n\t\t\t\t<\/div>\n\t\t\t\t<div class=\"elementor-element elementor-element-1188abf curriculum elementor-widget elementor-widget-text-editor\" data-id=\"1188abf\" data-element_type=\"widget\" data-widget_type=\"text-editor.default\">\n\t\t\t\t<div class=\"elementor-widget-container\">\n\t\t\t\t\t\t\t\t\t<p>Dr. Chiriac Coralina<\/p>\n<p>Co-founder of the Romanian Association of Integrative Psychotherapy<\/p>\n<p>\u00a0<\/p>\n<p><b>Professional Experience:\u00a0<\/b><br \/>Specialized Psychologist, Psychotherapist, Supervisor, Integrative Trainer (CPR, ECIP)<\/p>\n<p>Facilitator Somatic Experiencing &#8211; Certified Somatic Experiencing Facilitator<br \/>Certified TRE\u00ae (Tension and Trauma Releasing Exercises) Facilitator<\/p>\n<p>Member of The Romanian Psychotherapy Federation (FRP)<\/p>\n<p><b>\u00a0<\/b><br \/><b>Education and Training:<\/b><\/p>\n<p>2021: Somatic Experiencing\u00ae Training; trainer: Liane Pinto, www.traumahealing.org<\/p>\n<p>2020: Doctoral studies in psychology, University of Bucharest \u2013 School of Psychology and Education Sciences<\/p>\n<p>2018: EMDR Training, London, UK, EMDR Extra; trainer: Dr. Manda Holmshaw (UKCP)<\/p>\n<p>2017: TRE\u00ae Certification Program, www.traumaprevention.com<\/p>\n<p>2014: Master\u2019s Program in Clinical Psychology, University of Pite\u0219ti, School of Educational Sciences, Social Sciences, and Psychology<\/p>\n<p>2014: Training program in integrative psychotherapy at the Romanian Association for Integrative Psychotherapy (ARPI, Asocia\u021bia Rom\u00e2n\u0103 de Psihoterapie Integrativ\u0103), accredited by the European Association for Integrative Psychotherapy (EAIP, www.euroaip.eu) and member of the European Association of Psychotherapy (EAP, www.europsyche.org)<\/p>\n<p>2011: Graduate degree in psychology, University of Bucharest, School of Psychology and Educational Sciences<\/p>\n<p><b>\u00a0<\/b><br \/><b>Specialization Workshops:<\/b><\/p>\n<p>2019: \u201cSinging Over the Bones\u201d, Dr. Clarissa Pinkola Est\u00e9s, Colorado, USA<\/p>\n<p>2018: Specialization in somatic relational psychotherapy, Berlin, www.thelivingbody.de; trainer: Julianne Appel-Opper (UKCP \u2013 United Kingdom Council for Psychotherapy, EAGT \u2013 European Association for Gestalt Therapy)<\/p>\n<p>2017: TRE\u00ae Certification Program, www.traumaprevention.com, www.treforlife.com; trainer: Fiona Leibowitz, M.A., David Berceli, Ph.D., Riccardo Cassiani Ingoni<\/p>\n<p>2015: Specialization in child and adolescent psychotherapy, United Kingdom, the European Centre for Psychotherapy Studies (EUROCPS); trainers: Ken Evans, Ph.D. (UKCP, EAGT, ECIP, ECP \u2013 European Certificate of Psychotherapy) and Joanna Hewitt-Evans, M.A. (UKCP, EAGT, ECIP)<\/p>\n<p>2014: Specialization in integrative psychotherapy, United Kingdom, the European Centre for Psychotherapy Studies; trainers: Ken Evans, Ph.D. (UKCP, EAGT, ECIP, ECP) and Joanna Hewitt-Evans, M.A. (UKCP, EAGT, ECIP)<\/p>\n<p>2014: Supervision modules in integrative psychotherapy, France, the European Centre for Psychotherapy Studies (EUROCPS); trainers: Ken Evans, Ph.D. (UKCP, EAGT, ECIP, ECP) and Joanna Hewitt-Evans, M.A. (UKCP, EAGT, ECIP)<\/p>\n<p>2014: Specialization in trauma therapy, Bucharest; trainers: Albert Zandvoort, Ph.D. (UKCP) and Michelle Zandvoort, Ph.D. (UKCP)<\/p>\n<p>\u00a0<\/p>\n<p><b>Member of the European Association of Integrative Psychotherapy EAIP\u00a0<\/b><b><\/b><\/p>\n<p style=\"font-weight: 400;\"><strong>1.<\/strong><strong>\u2060 <\/strong><strong>\u2060Coordinator of the Trainers Support Group:<\/strong><\/p>\n<p style=\"font-weight: 400;\">Currently, I lead the Trainers Support Group, which brings together trainers from integrative schools across Europe. This role is about creating a sense of community among the trainers and about sharing best practices. Through regular meetings and discussions, we build strong bonds, support each other, and ensure that we are all aligned with the EAIP\u2019s standards. This group is becoming a space for collaboration and mutual growth, helping trainers to feel connected within the larger EAIP community<\/p>\n<p style=\"font-weight: 400;\"><strong>2.<\/strong><strong>\u2060 <\/strong><strong>\u2060Member of the Membership Committee:<\/strong><\/p>\n<p style=\"font-weight: 400;\">This role involves visiting schools across Europe, helping them through the accreditation process, and ensuring they meet the standards required for EAIP recognition. Additionally, in the committee we assist individual psychotherapists who wish to obtain EAIP membership, guiding them through the necessary steps.<\/p>\n<p style=\"font-weight: 400;\"><strong>3.<\/strong><strong>\u2060 <\/strong><strong>\u2060Working Group for Training for Trainers:<\/strong><\/p>\n<p style=\"font-weight: 400;\">I am also part of the Working Group dedicated to developing and refining training standards for training programmes for future trainers. Our goal is to ensure that those who educate psychotherapists are equipped with the best practices and knowledge, keeping their training aligned with the EAIP\u2019s standards.<\/p>\n<p style=\"font-weight: 400;\"><strong>4.<\/strong><strong>\u2060 <\/strong><strong>\u2060Organizing Committee for the 2025 EAIP Conference in Ireland:<\/strong><\/p>\n<p style=\"font-weight: 400;\">I will be part of the Organizing Committee for the upcoming 2025 EAIP Conference in Ireland. This role allows me to contribute to creating a platform for knowledge exchange and professional development for integrative psychotherapists across Europe.<\/p>\n<p style=\"font-weight: 400;\"><strong>5.<\/strong><strong>\u2060 <\/strong><strong>\u2060Lead Organizer for the 8th Biennial EAIP Conference in 2015 Bucharest:<\/strong><\/p>\n<p style=\"font-weight: 400;\">I was\u00a0 the lead organizer for the 8th Biennial Conference of the European Association for Integrative Psychotherapy, titled &#8220;Curiosity, Authenticity, and Generosity&#8221; held in Bucharest, Romania, in May 29-31, 2015. This event required extensive planning, from logistics to content curation in order to promote integrative psychotherapy both in Romania and across Europe and to also build a strong sense of community withing the EAIP.<\/p>\n<p style=\"font-weight: 400;\"><strong>6.<\/strong><strong>\u2060 <\/strong><strong>\u2060Organizing Committee for the Georgia Conference:<\/strong><\/p>\n<p style=\"font-weight: 400;\">I was also a member of the Organizing Committee for the EAIP Conference in Georgia and I was responsible for providing council and attenting the committee meetings to ensure the success of the event.<\/p>\n<p style=\"font-weight: 400;\"><strong>7.<\/strong><strong>\u2060 <\/strong><strong>\u2060Working Group for Integrative Psychotherapist Competencies:<\/strong><\/p>\n<p style=\"font-weight: 400;\">In this working group we focused on defining the core competencies for integrative psychotherapists. This work was crucial in establishing the standards that guide us us integrative psychoterapists to ensure that practitioners are well-prepared for the demands of the profession.<\/p>\n<p style=\"font-weight: 400;\"><strong>8.<\/strong><strong>\u2060 <\/strong><strong>\u2060Working Group for Guidelines for the Conversion Course in Integrative Psychotherapy:<\/strong><\/p>\n<p style=\"font-weight: 400;\">I contributed to the development of guidelines for the Conversion Course in Integrative Psychotherapy. In this working group we ensured that the conversion courses meet the rigorous standards of the EAIP, providing a structured pathway for professionals transitioning into integrative psychotherapy.<\/p>\n<p>\u00a0<\/p>\n<p><b>Published writing:<\/b><\/p>\n<p>Chiriac, C. (2020). \u201cPerspective \u00een conceptualizarea, evaluarea \u0219i terapia anxiet\u0103\u021bii \u0219i depresiei.\u201d (\u201cPerspectives in conceptualizing, assessing, and treating anxiety and depression.\u201d) In R. Vlad (ed.), Actualit\u0103\u021bi \u00een diagnosticul \u0219i tratamentul depresiei \u0219i anxiet\u0103\u021bii. (Current Approaches in Diagnosing and Treating Depression and Anxiety.) Bucharest: Editura Universitar\u0103.<\/p>\n<p>Chiriac, C. (2020). \u201cInterven\u021bii terapeutice \u00een tratamentul anxietatii \u0219i al depresiei \u00een psihoterapia integrativ\u0103.\u201d (\u201cTherapeutic Interventions in the Treatment of Anxiety and Depression in Integrative Psychotherapy\u201d.) In M. N\u0103stas\u0103 (ed.), Perspective moderne \u00een interven\u021bia psihologic\u0103. (Modern Perspectives in Psychologic Intervention.) Bucharest: Editura Universitar\u0103.<\/p>\n<p>Research study: \u201cFolosirea scalelor de evaluare ancorate comportamental \u00een m\u0103surarea competen\u021belor-nucleu ale psihoterapeu\u021bilor integrativi\u201d (\u201cUsing Behaviorally-Anchored Assessment Scales in Measuring Core Competences of Integrative Psychotherapists), M. Chraif, Ph.D., C. Chiriac, M. Ani\u021bei, Ph.D., 2012<\/p>\n<p>\u201cTehnica jocului de rol \u00een optimizarea interac\u021biunii \u00een grupuri de dezvoltare \u2013 un studiu-pilot\u201d (\u201cRole-Play Technique in Optimizing Interaction in Self-Development Groups: A Pilot Study\u201d, M. Chraif, Ph.D., C. Chiriac, 2012<\/p>\n<p><b>\u00a0<\/b><br \/><b>Presentations to conferences:<\/b><\/p>\n<p>Bucharest, May 29-31, 2015, The 7th Conference of EAIP<\/p>\n<p>Workshop: \u201cWorking with the Mythical in Psychotherapy\u201d<\/p>\n<p>Participation to the panel \u201cThe Future of Integrative Psychotherapy\u201d<\/p>\n<p>Workshop with Mihaela Chraif, Ph.D.: \u201cMethods for Assessing Physiological Reactivity\u201d<\/p>\n<p><b>\u00a0<\/b><br \/><b>Attendance to conferences:<\/b><\/p>\n<p>2015, May 29-31: International Conference of Integrative Psychotherapy, EAIP, Bucharest, Romania<\/p>\n<p>2013, October 11-13: International Conference of Integrative Psychotherapy, EAIP, Ljubljana, Slovenia<\/p>\n<p>2013, July 5-7: Euro-Asian Psychotherapy Congress, EAP, Moscow, Russia<\/p>\n<p>2012, July 4-7: European Psychotherapy Congress, EAP, Valencia, Spain<\/p>\n<p>2011, May 28-29: International Conference of Integrative Psychotherapy, Bucharest, Romania<\/p>\n<p>2009, November, 6-8: International Conference of Integrative Psychotherapy, EAIP, Manchester, UK<\/p>\n<p>2009, April 17-19: International Conference of Integrative Psychotherapy, EAIP, Bucharest, Romania<\/p>\n<p><b>\u00a0<\/b><br \/><b>Affiliations:<\/b><\/p>\n<p>Member of the Romanian Psychologists\u2019 College (Colegiul Psihologilor din Rom\u00e2nia, CPR)<\/p>\n<p>Member of the European Association for Integrative Psychotherapy (EAIP)<\/p>\n<p>Member of the Romanian Federation of Integrative Psychotherapy FRPI<\/p>\n\t\t\t\t\t\t\t\t<\/div>\n\t\t\t\t<\/div>\n\t\t\t\t\t<\/div>\n\t\t<\/div>\n\t\t\t\t<div class=\"elementor-column elementor-col-16 elementor-top-column elementor-element elementor-element-e3631f9\" data-id=\"e3631f9\" data-element_type=\"column\">\n\t\t\t<div class=\"elementor-widget-wrap\">\n\t\t\t\t\t\t\t<\/div>\n\t\t<\/div>\n\t\t\t\t\t<\/div>\n\t\t<\/section>\n\t\t\t\t<\/div>\n\t\t","protected":false},"excerpt":{"rendered":"<p>Curriculum Vitae Dr. Chiriac Coralina Co-founder of the Romanian Association of Integrative Psychotherapy \u00a0 Professional Experience:\u00a0Specialized Psychologist, Psychotherapist, Supervisor, Integrative Trainer (CPR, ECIP) Facilitator Somatic Experiencing &#8211; Certified Somatic Experiencing FacilitatorCertified TRE\u00ae (Tension and Trauma Releasing Exercises) Facilitator Member of The Romanian Psychotherapy Federation (FRP) \u00a0Education and Training: 2021: Somatic Experiencing\u00ae Training; trainer: Liane Pinto, [&hellip;]<\/p>\n","protected":false},"author":1,"featured_media":0,"parent":0,"menu_order":0,"comment_status":"closed","ping_status":"closed","template":"","meta":{"_acf_changed":false,"footnotes":""},"class_list":["post-8703","page","type-page","status-publish","hentry"],"acf":[],"yoast_head":"<!-- This site is optimized with the Yoast SEO plugin v26.7 - https:\/\/yoast.com\/wordpress\/plugins\/seo\/ -->\n<title>Coralina Chiriac - Certificari<\/title>\n<meta name=\"description\" content=\"Coralina Chiriac \u27aa Psiholog specialist \u2713Psihoterapeut \u2713Supervizor \u2713Formator integrativ \u2713Facilitator atestat TRE\" \/>\n<meta name=\"robots\" content=\"index, follow, max-snippet:-1, max-image-preview:large, max-video-preview:-1\" \/>\n<link rel=\"canonical\" href=\"https:\/\/coralinachiriac.com\/edmr\/\" \/>\n<meta property=\"og:locale\" content=\"en_US\" \/>\n<meta property=\"og:type\" content=\"article\" \/>\n<meta property=\"og:title\" content=\"Coralina Chiriac - Certificari\" \/>\n<meta property=\"og:description\" content=\"Coralina Chiriac \u27aa Psiholog specialist \u2713Psihoterapeut \u2713Supervizor \u2713Formator integrativ \u2713Facilitator atestat TRE\" \/>\n<meta property=\"og:url\" content=\"https:\/\/coralinachiriac.com\/edmr\/\" \/>\n<meta property=\"og:site_name\" content=\"Coralina Chiriac\" \/>\n<meta property=\"article:modified_time\" content=\"2024-09-23T11:50:20+00:00\" \/>\n<meta name=\"twitter:card\" content=\"summary_large_image\" \/>\n<meta name=\"twitter:label1\" content=\"Est. reading time\" \/>\n\t<meta name=\"twitter:data1\" content=\"5 minutes\" \/>\n<script type=\"application\/ld+json\" class=\"yoast-schema-graph\">{\"@context\":\"https:\/\/schema.org\",\"@graph\":[{\"@type\":\"WebPage\",\"@id\":\"https:\/\/coralinachiriac.com\/edmr\/\",\"url\":\"https:\/\/coralinachiriac.com\/edmr\/\",\"name\":\"Coralina Chiriac - Certificari\",\"isPartOf\":{\"@id\":\"https:\/\/coralinachiriac.com\/#website\"},\"datePublished\":\"2022-05-10T11:42:47+00:00\",\"dateModified\":\"2024-09-23T11:50:20+00:00\",\"description\":\"Coralina Chiriac \u27aa Psiholog specialist \u2713Psihoterapeut \u2713Supervizor \u2713Formator integrativ \u2713Facilitator atestat TRE\",\"breadcrumb\":{\"@id\":\"https:\/\/coralinachiriac.com\/edmr\/#breadcrumb\"},\"inLanguage\":\"en-US\",\"potentialAction\":[{\"@type\":\"ReadAction\",\"target\":[\"https:\/\/coralinachiriac.com\/edmr\/\"]}]},{\"@type\":\"BreadcrumbList\",\"@id\":\"https:\/\/coralinachiriac.com\/edmr\/#breadcrumb\",\"itemListElement\":[{\"@type\":\"ListItem\",\"position\":1,\"name\":\"Prima pagin\u0103\",\"item\":\"https:\/\/coralinachiriac.com\/\"},{\"@type\":\"ListItem\",\"position\":2,\"name\":\"Credentials\"}]},{\"@type\":\"WebSite\",\"@id\":\"https:\/\/coralinachiriac.com\/#website\",\"url\":\"https:\/\/coralinachiriac.com\/\",\"name\":\"Coralina Chiriac\",\"description\":\"Un simplu sit WordPress\",\"potentialAction\":[{\"@type\":\"SearchAction\",\"target\":{\"@type\":\"EntryPoint\",\"urlTemplate\":\"https:\/\/coralinachiriac.com\/?s={search_term_string}\"},\"query-input\":{\"@type\":\"PropertyValueSpecification\",\"valueRequired\":true,\"valueName\":\"search_term_string\"}}],\"inLanguage\":\"en-US\"}]}<\/script>\n<!-- \/ Yoast SEO plugin. -->","yoast_head_json":{"title":"Coralina Chiriac - Certificari","description":"Coralina Chiriac \u27aa Psiholog specialist \u2713Psihoterapeut \u2713Supervizor \u2713Formator integrativ \u2713Facilitator atestat TRE","robots":{"index":"index","follow":"follow","max-snippet":"max-snippet:-1","max-image-preview":"max-image-preview:large","max-video-preview":"max-video-preview:-1"},"canonical":"https:\/\/coralinachiriac.com\/edmr\/","og_locale":"en_US","og_type":"article","og_title":"Coralina Chiriac - Certificari","og_description":"Coralina Chiriac \u27aa Psiholog specialist \u2713Psihoterapeut \u2713Supervizor \u2713Formator integrativ \u2713Facilitator atestat TRE","og_url":"https:\/\/coralinachiriac.com\/edmr\/","og_site_name":"Coralina Chiriac","article_modified_time":"2024-09-23T11:50:20+00:00","twitter_card":"summary_large_image","twitter_misc":{"Est. reading time":"5 minutes"},"schema":{"@context":"https:\/\/schema.org","@graph":[{"@type":"WebPage","@id":"https:\/\/coralinachiriac.com\/edmr\/","url":"https:\/\/coralinachiriac.com\/edmr\/","name":"Coralina Chiriac - Certificari","isPartOf":{"@id":"https:\/\/coralinachiriac.com\/#website"},"datePublished":"2022-05-10T11:42:47+00:00","dateModified":"2024-09-23T11:50:20+00:00","description":"Coralina Chiriac \u27aa Psiholog specialist \u2713Psihoterapeut \u2713Supervizor \u2713Formator integrativ \u2713Facilitator atestat TRE","breadcrumb":{"@id":"https:\/\/coralinachiriac.com\/edmr\/#breadcrumb"},"inLanguage":"en-US","potentialAction":[{"@type":"ReadAction","target":["https:\/\/coralinachiriac.com\/edmr\/"]}]},{"@type":"BreadcrumbList","@id":"https:\/\/coralinachiriac.com\/edmr\/#breadcrumb","itemListElement":[{"@type":"ListItem","position":1,"name":"Prima pagin\u0103","item":"https:\/\/coralinachiriac.com\/"},{"@type":"ListItem","position":2,"name":"Credentials"}]},{"@type":"WebSite","@id":"https:\/\/coralinachiriac.com\/#website","url":"https:\/\/coralinachiriac.com\/","name":"Coralina Chiriac","description":"Un simplu sit WordPress","potentialAction":[{"@type":"SearchAction","target":{"@type":"EntryPoint","urlTemplate":"https:\/\/coralinachiriac.com\/?s={search_term_string}"},"query-input":{"@type":"PropertyValueSpecification","valueRequired":true,"valueName":"search_term_string"}}],"inLanguage":"en-US"}]}},"_links":{"self":[{"href":"https:\/\/coralinachiriac.com\/en\/wp-json\/wp\/v2\/pages\/8703","targetHints":{"allow":["GET"]}}],"collection":[{"href":"https:\/\/coralinachiriac.com\/en\/wp-json\/wp\/v2\/pages"}],"about":[{"href":"https:\/\/coralinachiriac.com\/en\/wp-json\/wp\/v2\/types\/page"}],"author":[{"embeddable":true,"href":"https:\/\/coralinachiriac.com\/en\/wp-json\/wp\/v2\/users\/1"}],"replies":[{"embeddable":true,"href":"https:\/\/coralinachiriac.com\/en\/wp-json\/wp\/v2\/comments?post=8703"}],"version-history":[{"count":37,"href":"https:\/\/coralinachiriac.com\/en\/wp-json\/wp\/v2\/pages\/8703\/revisions"}],"predecessor-version":[{"id":12765,"href":"https:\/\/coralinachiriac.com\/en\/wp-json\/wp\/v2\/pages\/8703\/revisions\/12765"}],"wp:attachment":[{"href":"https:\/\/coralinachiriac.com\/en\/wp-json\/wp\/v2\/media?parent=8703"}],"curies":[{"name":"wp","href":"https:\/\/api.w.org\/{rel}","templated":true}]}}